{"id":12,"date":"2014-07-03T12:32:25","date_gmt":"2014-07-03T12:32:25","guid":{"rendered":"http:\/\/altes-foersterhaus.de\/?page_id=12"},"modified":"2025-10-01T14:08:04","modified_gmt":"2025-10-01T14:08:04","slug":"ferienwohnung-waldblick","status":"publish","type":"page","link":"http:\/\/altes-foersterhaus.de\/?page_id=12","title":{"rendered":"Apartment Altk\u00f6nig"},"content":{"rendered":"<p><span style=\"font-family: verdana,geneva,sans-serif;\">Erdgescho\u00df<\/span><\/p>\n<p><span style=\"font-family: verdana,geneva; font-size: 14pt;\">Das alte F\u00f6rsterhaus wird in 3. Generation gef\u00fchrt. Es wurde in den Sommern 2013\/14 grundsaniert. S\u00e4mtliche Baumaterialien sind nat\u00fcrlich und \u00f6kologisch ausgerichtet. Alle Fu\u00dfb\u00f6den sind aus echtem Eichenholz. Die Wohnung ist technisch neu ausgestattet mit Internet und Kabel TV. Eine gem\u00fctliche Atmosph\u00e4re verbunden durch geschmackvolle moderne Ausstattung erzeugt ein unverwechselbares Ambiente. Die anspruchsvolle Ausstattung und der Einrichtungsmix aus traditionellen und innovativen M\u00f6beln bietet dem Gast ein Wohnen auf hohem Niveau. Der zum Haus geh\u00f6rige liebevoll gepflegte Garten mit seinem mediteranen Flair strahlt Ruhe und Harmonie aus.<\/span><\/p>\n<p>ngg_shortcode_0_placeholder<span style=\"font-family: verdana,geneva; font-size: 14pt;\">Apartment f\u00fcr 1 Person<\/span><span style=\"font-family: verdana,geneva; font-size: 14pt;\">, ca. 38 m \u00b2<\/span><\/p>\n<h1><strong><span style=\"font-family: verdana,geneva; font-size: 14pt; background-color: #bfbfbf; color: #ffffff;\"> Ausstattung:<\/span><\/strong><\/h1>\n<p><span style=\"font-size: 14pt; font-family: verdana,geneva;\">Wohnschlafzimmer mit Boxspringbett, Ma\u00dfe wie franz. Bett<br \/>\nKabel-TV<br \/>\nWLAN<br \/>\nvollausgestattete Wohnk\u00fcche ( Pantry) mit E\u00dfplatz, Ceran-Kochfeld, Dunstabzugshaube, Backofen, Mikrowelle, Sp\u00fclmaschine, K\u00fchl-Gefrier-Kombination, Kaffeemaschine<br \/>\nTageslichtbadezimmer mit Dusche &amp; WC<\/span><br \/>\n<span style=\"font-size: 14pt; font-family: verdana,geneva;\"> Kammer mit Waschmaschine, W\u00e4schetrockner, Abstellm\u00f6glichkeiten<\/span><br \/>\n<span style=\"font-size: 14pt; font-family: verdana,geneva;\"> Separater Eingang mit Flur<\/span><br \/>\n<span style=\"font-size: 14pt; font-family: verdana,geneva;\">G\u00e4steparkplatz auf Wunsh<\/span><\/p>\n<p>&nbsp;<\/p>\n<p>&nbsp;<\/p>\n<p><span style=\"font-size: 14pt;\"><strong><span style=\"font-family: verdana,geneva;\">Konditionen:<br \/>\n<\/span><\/strong><\/span><\/p>\n<p><span style=\"font-family: verdana, geneva, sans-serif; font-size: 14pt;\">Mindestmietdauer 1 Monat<\/span><\/p>\n<p><span style=\"font-family: verdana, geneva, sans-serif; font-size: 14pt;\">Kaution erforderlich&nbsp;<\/span><\/p>\n<p><span style=\"font-family: verdana, geneva, sans-serif; font-size: 14pt;\">Die Miete ist inkludiert, d.h. die Nebenkosten sind enthalten&nbsp;<\/span><\/p>\n<p><span style=\"font-family: verdana, geneva, sans-serif; font-size: 14pt;\">Preise auf Anfrage<\/span><\/p>\n","protected":false},"excerpt":{"rendered":"<p>Erdgescho\u00df Das alte F\u00f6rsterhaus wird in 3. Generation gef\u00fchrt. Es wurde in den Sommern 2013\/14 grundsaniert. S\u00e4mtliche Baumaterialien sind nat\u00fcrlich und \u00f6kologisch ausgerichtet. Alle Fu\u00dfb\u00f6den sind aus echtem Eichenholz. Die Wohnung ist technisch neu ausgestattet mit Internet und Kabel TV. Eine gem\u00fctliche Atmosph\u00e4re verbunden durch geschmackvolle moderne Ausstattung erzeugt ein \u2026 <a class=\"continue-reading-link\" href=\"http:\/\/altes-foersterhaus.de\/?page_id=12\"> Continue reading <span class=\"meta-nav\">&rarr; <\/span><\/a><\/p>\n","protected":false},"author":1,"featured_media":0,"parent":0,"menu_order":30,"comment_status":"closed","ping_status":"closed","template":"","meta":{"ngg_post_thumbnail":0},"aioseo_notices":[],"_links":{"self":[{"href":"http:\/\/altes-foersterhaus.de\/index.php?rest_route=\/wp\/v2\/pages\/12"}],"collection":[{"href":"http:\/\/altes-foersterhaus.de\/index.php?rest_route=\/wp\/v2\/pages"}],"about":[{"href":"http:\/\/altes-foersterhaus.de\/index.php?rest_route=\/wp\/v2\/types\/page"}],"author":[{"embeddable":true,"href":"http:\/\/altes-foersterhaus.de\/index.php?rest_route=\/wp\/v2\/users\/1"}],"replies":[{"embeddable":true,"href":"http:\/\/altes-foersterhaus.de\/index.php?rest_route=%2Fwp%2Fv2%2Fcomments&post=12"}],"version-history":[{"count":60,"href":"http:\/\/altes-foersterhaus.de\/index.php?rest_route=\/wp\/v2\/pages\/12\/revisions"}],"predecessor-version":[{"id":596,"href":"http:\/\/altes-foersterhaus.de\/index.php?rest_route=\/wp\/v2\/pages\/12\/revisions\/596"}],"wp:attachment":[{"href":"http:\/\/altes-foersterhaus.de\/index.php?rest_route=%2Fwp%2Fv2%2Fmedia&parent=12"}],"curies":[{"name":"wp","href":"https:\/\/api.w.org\/{rel}","templated":true}]}}