{"id":10,"date":"2014-07-03T12:31:50","date_gmt":"2014-07-03T12:31:50","guid":{"rendered":"http:\/\/altes-foersterhaus.de\/?page_id=10"},"modified":"2025-10-01T14:20:03","modified_gmt":"2025-10-01T14:20:03","slug":"ferienwohnung-hubertus","status":"publish","type":"page","link":"http:\/\/altes-foersterhaus.de\/?page_id=10","title":{"rendered":"Apartment Feldberg"},"content":{"rendered":"<p><span style=\"font-family: verdana,geneva,sans-serif;\">1. Stock<\/span><\/p>\n<p><span style=\"font-family: verdana,geneva; font-size: 14pt;\">Das alte F\u00f6rsterhaus wird in 3. Generation gef\u00fchrt. Es wurde in den Sommern 2013\/14 grundsaniert. S\u00e4mtliche Baumaterialien sind nat\u00fcrlich und \u00f6kologisch ausgerichtet. Alle Fu\u00dfb\u00f6den sind aus echtem Eichenholz. Die Wohnung ist technisch neu ausgestattet mit Internet und Kabel TV. Eine gem\u00fctliche Atmosph\u00e4re verbunden durch geschmackvolle moderne Ausstattung erzeugt ein unverwechselbares Ambiente. Die anspruchsvolle Ausstattung und der Einrichtungsmix aus traditionellen und innovativen M\u00f6beln bietet dem Gast ein Wohnen auf hohem Niveau. Der zum Haus geh\u00f6rige liebevoll gepflegte Garten mit seinem mediteranen Flair strahlt Ruhe und Harmonie aus. <\/span><\/p>\n<p>ngg_shortcode_0_placeholder<span style=\"font-family: verdana,geneva; font-size: 14pt;\">Die Wohnung bietet ein bis zwei Personen ein ger\u00e4umiges Wohnzimmer mit Schlafsofa , ein gem\u00fctliches Schlafzimmer mit franz. Bett, eine vollausgestattete K\u00fcche mit E\u00dfzimmer, ein Tageslichtbad mit freistehender Badewanne, ebenerdiger Dusche, Waschmaschine, W\u00e4schetrockner u. WC.<\/span><\/p>\n<h1><span style=\"font-size: 14pt; font-family: verdana,geneva;\">ca. 68 m\u00b2 Apartment f\u00fcr 1 bis 2 Personen&nbsp;<\/span><\/h1>\n<h1><strong><span style=\"font-size: 14pt; font-family: verdana,geneva;\">Ausstattung:<\/span><\/strong><\/h1>\n<p><span style=\"font-size: 14pt; font-family: verdana,geneva;\">Schlafzimmer mit franz. Bett<br \/>\n<\/span><span style=\"font-size: 14pt; font-family: verdana,geneva;\">Wohnzimmer mit Kabel-TV<br \/>\nWLAN<br \/>\n<\/span><span style=\"font-size: 14pt; font-family: verdana,geneva;\">vollausgestattete K\u00fcche mit Ceran-Kochfeld, Backofen, Mikrowelle, Sp\u00fclmaschine, K\u00fchl-Gefrier-Kombination, Kaffeemaschine, Espresso-Maschine<br \/>\nTageslichtbad mit <\/span><span style=\"font-size: 14pt; font-family: verdana,geneva;\">freistehender Badewanne, ebenerdiger Dusche &amp; WC<br \/>\n<\/span><span style=\"font-size: 14pt; font-family: verdana,geneva;\">Waschmaschine<br \/>\n<\/span><span style=\"font-size: 14pt; font-family: verdana,geneva;\">W\u00e4schetrockner<br \/>\n<\/span><span style=\"font-size: 14pt; font-family: verdana,geneva;\">Separater Eingang mit Flur<br \/>\n<\/span><span style=\"font-family: verdana, geneva, sans-serif; font-size: 14pt;\">G\u00e4steparkplatz auf Wunsh<\/span><\/p>\n<h1><span style=\"font-size: 24pt; font-family: verdana,geneva,sans-serif;\"><span style=\"font-size: 14pt;\"><strong>Konditionen:<\/strong><\/span><\/span><\/h1>\n<p><span style=\"font-size: 14pt; font-family: verdana, geneva, sans-serif;\">Mindestmietdauer 1 Monat<\/span><\/p>\n<p><span style=\"font-family: verdana, geneva, sans-serif; font-size: 14pt;\">Kaution erforderlich<\/span><\/p>\n<p><span style=\"font-family: verdana, geneva, sans-serif; font-size: 14pt;\">Die Miete ist inkludiert, d.h. s\u00e4mtliche Nebenkosten sind enthalten<\/span><\/p>\n<p><span style=\"font-family: verdana, geneva, sans-serif; font-size: 14pt;\">Preise auf Anfrage<\/span><\/p>\n","protected":false},"excerpt":{"rendered":"<p>1. Stock Das alte F\u00f6rsterhaus wird in 3. Generation gef\u00fchrt. Es wurde in den Sommern 2013\/14 grundsaniert. S\u00e4mtliche Baumaterialien sind nat\u00fcrlich und \u00f6kologisch ausgerichtet. Alle Fu\u00dfb\u00f6den sind aus echtem Eichenholz. Die Wohnung ist technisch neu ausgestattet mit Internet und Kabel TV. Eine gem\u00fctliche Atmosph\u00e4re verbunden durch geschmackvolle moderne Ausstattung erzeugt \u2026 <a class=\"continue-reading-link\" href=\"http:\/\/altes-foersterhaus.de\/?page_id=10\"> Continue reading <span class=\"meta-nav\">&rarr; <\/span><\/a><\/p>\n","protected":false},"author":1,"featured_media":0,"parent":0,"menu_order":40,"comment_status":"closed","ping_status":"closed","template":"","meta":{"ngg_post_thumbnail":0},"aioseo_notices":[],"_links":{"self":[{"href":"http:\/\/altes-foersterhaus.de\/index.php?rest_route=\/wp\/v2\/pages\/10"}],"collection":[{"href":"http:\/\/altes-foersterhaus.de\/index.php?rest_route=\/wp\/v2\/pages"}],"about":[{"href":"http:\/\/altes-foersterhaus.de\/index.php?rest_route=\/wp\/v2\/types\/page"}],"author":[{"embeddable":true,"href":"http:\/\/altes-foersterhaus.de\/index.php?rest_route=\/wp\/v2\/users\/1"}],"replies":[{"embeddable":true,"href":"http:\/\/altes-foersterhaus.de\/index.php?rest_route=%2Fwp%2Fv2%2Fcomments&post=10"}],"version-history":[{"count":87,"href":"http:\/\/altes-foersterhaus.de\/index.php?rest_route=\/wp\/v2\/pages\/10\/revisions"}],"predecessor-version":[{"id":598,"href":"http:\/\/altes-foersterhaus.de\/index.php?rest_route=\/wp\/v2\/pages\/10\/revisions\/598"}],"wp:attachment":[{"href":"http:\/\/altes-foersterhaus.de\/index.php?rest_route=%2Fwp%2Fv2%2Fmedia&parent=10"}],"curies":[{"name":"wp","href":"https:\/\/api.w.org\/{rel}","templated":true}]}}